{"id":78,"date":"2018-10-11T13:35:44","date_gmt":"2018-10-11T13:35:44","guid":{"rendered":"http:\/\/alekbiel.eu\/wp\/?page_id=78"},"modified":"2018-11-24T08:55:31","modified_gmt":"2018-11-24T08:55:31","slug":"fala-uderzeniowa","status":"publish","type":"page","link":"http:\/\/alekbiel.eu\/wp\/?page_id=78","title":{"rendered":"FALA UDERZENIOWA"},"content":{"rendered":"<p style=\"text-align: justify;\"><span style=\"font-family: Verdana, Geneva, sans-serif; font-size: xx-small;\"><strong>Terapia Fal\u0105 Uderzeniow\u0105<\/strong><\/span><\/p>\n<p style=\"text-align: justify;\">Terapia Fal\u0105 Uderzeniow\u0105 (Shock Med) jest nowoczesn\u0105, wysoce efektywn\u0105 metod\u0105 leczenia wykorzystuj\u0105c\u0105 lecznicze cechy fali akustycznej o specyficznych w\u0142a\u015bciwo\u015bciach, tj. wysokim, skokowym ci\u015bnieniu uwalnianym w bardzo kr\u00f3tkim czasie.<br \/>\nFale uderzeniowe przyspieszaj\u0105 proces zdrowienia w przewlek\u0142ych patologiach przyczepu \u015bci\u0119gien mi\u0119\u015bniowych charakteryzuj\u0105cych si\u0119 s\u0142abym unaczynieniem przyczep\u00f3w kostnych poprzez stymulacj\u0119 metabolizmu i pobudzenie cyrkulacji krwi, rozpuszczenie zwapnia\u0142ych fibroblast\u00f3w, zwi\u0119kszenie produkcji kolagenu oraz zmniejszenie napi\u0119cia mi\u0119\u015bni.<\/p>\n<p style=\"text-align: justify;\"><strong>Efekt terapeutyczny<\/strong><\/p>\n<p style=\"text-align: justify;\">Dzi\u0119ki penetracji fal w g\u0142\u0105b cia\u0142a, przy odpowiednio dobranych parametrach zabiegowych, terapia ta jest skuteczna w leczeniu proces\u00f3w chorobowych zlokalizowanych zar\u00f3wno w powierzchniowych, jak i w g\u0142\u0119bszych tkankach.<br \/>\nUszkodzona tkanka stopniowo regeneruje si\u0119 i wspomaga proces leczenia w obszarze poddanym terapii.<br \/>\nDzia\u0142anie fali uderzeniowej to efekt analgetyczny wynika ze zmniejszenia stanu zapalnego i lokalnego wzrostu ukrwienia w miejscu bod\u017acowania. Gwa\u0142towne zmiany ci\u015bnienia wywo\u0142ane uderzeniami fali prowadz\u0105 do rozbijania i rozpuszczania z\u0142og\u00f3w wapniowych w tkankach, stymuluj\u0105 przeka\u017anictwo kom\u00f3rkowe, poprawiaj\u0105 kr\u0105\u017cenie w tkankach i wp\u0142ywaj\u0105 korzystnie na regeneracj\u0119 naczy\u0144 krwiono\u015bnych w \u015bci\u0119gnach i mi\u0119\u015bniach.<br \/>\nStosowanie fali uderzeniowej poprawia elastyczno\u015b\u0107 tkanek, stymuluje produkcj\u0119 kolagenu, a nawet pobudza metabolizm kom\u00f3rek t\u0142uszczowych, u\u0142atwiaj\u0105c w ten spos\u00f3b efektywn\u0105 redukcj\u0119 cellulitu. Dowiedziono, \u017ce zabiegi fal\u0105 uderzeniow\u0105 poprawiaj\u0105 wygl\u0105d sk\u00f3ry, zwi\u0119kszaj\u0105 jej elastyczno\u015b\u0107 i j\u0119drno\u015b\u0107.<\/p>\n<p style=\"text-align: justify;\"><strong>G\u0142\u00f3wne zastosowania Fal\u0105 Uderzeniow\u0105<\/strong><\/p>\n<p style=\"text-align: justify;\">\u2022 Ortopedia.<br \/>\n\u2022 Rehabilitacja.<br \/>\n\u2022 Medycyna sportowa.<br \/>\n\u2022 Medycyna estetyczna.<\/p>\n<p style=\"text-align: justify;\"><strong>Leczenie<\/strong><\/p>\n<p style=\"text-align: justify;\">Terapi\u0119 fal\u0105 uderzeniow\u0105 wykonuje si\u0119 w odst\u0119pach 5-7 dniowych do 5 zabieg\u00f3w w serii.<br \/>\n<span style=\"color: #ff0000;\">W trakcie trwania kuracji miejsce zmienione chorobowo ca\u0142y czas jest tkliwe. Efekty terapeutyczne widoczne nawet po 1-szym zabiegu, natomiast pe\u0142ny efekt terapii uzyskuje si\u0119 najwcze\u015bniej 3 tygodnie po zako\u0144czeniu serii. Terapia charakteryzuje si\u0119 wysok\u0105 skuteczno\u015bci\u0105 oraz bezpiecze\u0144stwem wykonywania potwierdzona klinicznie terapia nieinwazyjna, w wielu przypadkach zapobiega interwencji chirurgicznej zabiegi prowadzone s\u0105 w trybie ambulatoryjnym i w warunkach domowych kr\u00f3tkie kilkunastominutowe sesje terapeutyczne nie wymaga obci\u0105\u017cenia organizmu \u015brodkami farmakologicznymi<\/span><\/p>\n<p style=\"text-align: justify;\"><strong>Wskazania<\/strong><\/p>\n<p style=\"text-align: justify;\">\u2022 przewlek\u0142e entezopatie,<br \/>\n\u2022 b\u00f3le pi\u0119ty (zapalenie powi\u0119zi podeszwowej stopy),<br \/>\n\u2022 ostroga pi\u0119towa,<br \/>\n\u2022 schorzenia \u015bci\u0119gna Achillesa,<br \/>\n\u2022 zapalenie kaletki \u015bci\u0119gna Achillesa,<br \/>\n\u2022 b\u00f3le \u015bci\u0119gien rzepki (kolano skoczka),<br \/>\n\u2022 kolano skoczka, zapalenie kaletek oko\u0142orzepkowych kolana,<br \/>\n\u2022 kolano biegacza,<br \/>\n\u2022 zesp\u00f3\u0142 mi\u0119\u015bnia piszczelowego przedniego,<br \/>\n\u2022 b\u00f3le w okolicy bioder,<br \/>\n\u2022 biodro strzelaj\u0105ce,<br \/>\n\u2022 zapalenie przyczep\u00f3w mi\u0119\u015bni zginaczy i prostownik\u00f3w uda,<br \/>\n\u2022 zesp\u00f3\u0142\/b\u00f3le odcinka l\u0119d\u017awiowego kr\u0119gos\u0142upa,<br \/>\n\u2022 b\u00f3le w przyczepach \u015bci\u0119gna udowego,<br \/>\n\u2022 b\u00f3le i schorzenia barku,<br \/>\n\u2022 zesp\u00f3l bolesnego barku (zwapnienia i zapalenia \u015bci\u0119gien, kaletek),<br \/>\n\u2022 \u0142okie\u0107 tenisisty, \u0142okie\u0107 golfisty (zapalenie nadk\u0142ykcia),<br \/>\n\u2022 zesp\u00f3\u0142 brzegu ko\u015bci piszczelowej,<br \/>\n\u2022 zesp\u00f3\u0142 mi\u0119\u015bnia piszczelowego przedniego,<br \/>\n\u2022 zapalenie i przeci\u0105\u017cenie \u015bci\u0119gien przedramienia, d\u0142oni, nadgarstka,<br \/>\n\u2022 b\u00f3l po wewn\u0119trznej stronie nadgarstka,<br \/>\n\u2022 wczesne stadia choroby zwyrodnieniowej staw\u00f3w,<br \/>\n\u2022 b\u00f3l w okolicy pachwiny,<br \/>\n\u2022 b\u00f3le staw\u00f3w barkowych ze zwapnieniami lub bez (wapniej\u0105ce zapalenie \u015bci\u0119gien stawu barkowego),<br \/>\n\u2022 b\u00f3le barku (np. zapalenie torebki stawu barkowego),<br \/>\n\u2022 punkty spustowe (trigger points),<br \/>\n\u2022 zwapnienia zlokalizowane w obr\u0119bie tkanek mi\u0119kkich (np. zwapnienia oko\u0142obarkowe),<br \/>\n\u2022 podwy\u017cszone napi\u0119cie mi\u0119\u015bniowe,<br \/>\n\u2022 zapalenie przyczep\u00f3w mi\u0119\u015bniowych,<br \/>\n\u2022 naci\u0105gni\u0119cie mi\u0119\u015bni,<br \/>\n\u2022 stany pourazowe.<\/p>\n<p style=\"text-align: justify;\"><strong>Przeciwwskazania do terapii falami uderzeniowymi<\/strong><br \/>\n\u2022 zaawansowana osteoporoza. zaburzenia krzepni\u0119cia krwi, zakrzepica<br \/>\n\u2022 ci\u0105\u017ca<br \/>\n\u2022 choroby nowotworowe<br \/>\n\u2022 stany gor\u0105czkowe, ostre stany zapalne<br \/>\n\u2022 polineuropatie<br \/>\n\u2022 sterydoterapia<br \/>\n\u2022 rozrusznik serca, implanty, endoprotezy ceramiczne<br \/>\n\u2022 protezy cementowe<br \/>\n\u2022 zaawansowana osteoporoza<br \/>\n\u2022 ostre stany pourazowe<br \/>\n\u2022 ostre stany zapalne<br \/>\n\u2022 chrz\u0105stka wzrostowa u dzieci<br \/>\n\u2022 polipy w miejscu zastosowania<br \/>\n\u2022 nie stosowa\u0107 na tkanki takie jak: oczy i ich okolice, mi\u0119sie\u0144 sercowy, rdze\u0144 kr\u0119gowy, gonady, nerki, w\u0105troba<br \/>\n\u2022 nie stosowa\u0107 na miejsca w okolicy du\u017cych nerw\u00f3w, naczy\u0144, rdzenia kr\u0119gowego i g\u0142owy.<\/p>\n","protected":false},"excerpt":{"rendered":"<p>Terapia Fal\u0105 Uderzeniow\u0105 Terapia Fal\u0105 Uderzeniow\u0105 (Shock Med) jest nowoczesn\u0105, wysoce efektywn\u0105 metod\u0105 leczenia wykorzystuj\u0105c\u0105 lecznicze cechy fali akustycznej o specyficznych w\u0142a\u015bciwo\u015bciach, tj. wysokim, skokowym ci\u015bnieniu uwalnianym w bardzo kr\u00f3tkim czasie. Fale uderzeniowe przyspieszaj\u0105 proces zdrowienia w przewlek\u0142ych patologiach przyczepu \u015bci\u0119gien mi\u0119\u015bniowych charakteryzuj\u0105cych si\u0119 s\u0142abym unaczynieniem przyczep\u00f3w kostnych poprzez stymulacj\u0119 metabolizmu i pobudzenie cyrkulacji krwi, [&hellip;]<\/p>\n","protected":false},"author":1,"featured_media":0,"parent":18,"menu_order":0,"comment_status":"closed","ping_status":"closed","template":"","meta":{"footnotes":""},"_links":{"self":[{"href":"http:\/\/alekbiel.eu\/wp\/index.php?rest_route=\/wp\/v2\/pages\/78"}],"collection":[{"href":"http:\/\/alekbiel.eu\/wp\/index.php?rest_route=\/wp\/v2\/pages"}],"about":[{"href":"http:\/\/alekbiel.eu\/wp\/index.php?rest_route=\/wp\/v2\/types\/page"}],"author":[{"embeddable":true,"href":"http:\/\/alekbiel.eu\/wp\/index.php?rest_route=\/wp\/v2\/users\/1"}],"replies":[{"embeddable":true,"href":"http:\/\/alekbiel.eu\/wp\/index.php?rest_route=%2Fwp%2Fv2%2Fcomments&post=78"}],"version-history":[{"count":2,"href":"http:\/\/alekbiel.eu\/wp\/index.php?rest_route=\/wp\/v2\/pages\/78\/revisions"}],"predecessor-version":[{"id":117,"href":"http:\/\/alekbiel.eu\/wp\/index.php?rest_route=\/wp\/v2\/pages\/78\/revisions\/117"}],"up":[{"embeddable":true,"href":"http:\/\/alekbiel.eu\/wp\/index.php?rest_route=\/wp\/v2\/pages\/18"}],"wp:attachment":[{"href":"http:\/\/alekbiel.eu\/wp\/index.php?rest_route=%2Fwp%2Fv2%2Fmedia&parent=78"}],"curies":[{"name":"wp","href":"https:\/\/api.w.org\/{rel}","templated":true}]}}