{"id":76,"date":"2018-10-11T13:33:40","date_gmt":"2018-10-11T13:33:40","guid":{"rendered":"http:\/\/alekbiel.eu\/wp\/?page_id=76"},"modified":"2018-11-24T08:56:23","modified_gmt":"2018-11-24T08:56:23","slug":"pst","status":"publish","type":"page","link":"http:\/\/alekbiel.eu\/wp\/?page_id=76","title":{"rendered":"PST"},"content":{"rendered":"<p style=\"text-align: justify;\"><span style=\"font-family: Verdana, Geneva, sans-serif; font-size: xx-small;\"><strong>Terapia Sygna\u0142em Pulsacyjnym \u2013 PST<\/strong><\/span><\/p>\n<p style=\"text-align: justify;\"><strong><span style=\"color: #ff0000;\">Czym jest PST <\/span><\/strong><\/p>\n<p style=\"text-align: justify;\">PST jest now\u0105 w Polsce metod\u0105 leczenia schorze\u0144, uraz\u00f3w oraz przeci\u0105\u017ce\u0144 narz\u0105d\u00f3w uk\u0142adu ruchu. Jest ona efektem ponad 30-letniej pracy badawczej dr Richarda Markolla, ameryka\u0144skiego lekarza i biofizyka, realizowanej we wsp\u00f3\u0142pracy z uniwersytetem w Yale (USA). Na podstawie licznych bada\u0144 klinicznych wykonanych w wielu o\u015brodkach naukowych na ca\u0142ym \u015bwiecie potwierdzono bardzo wysok\u0105, si\u0119gaj\u0105c\u0105 75-80 procent skuteczno\u015b\u0107 tego leczenia.<\/p>\n<p style=\"text-align: justify;\">Istot\u0105 PST jest pobudzenie sygna\u0142ami, przesy\u0142anymi przez pole elektromagnetyczne, naturalnych zdolno\u015bci regeneracyjnych chrz\u0105stki i tkanki \u0142\u0105cznej, utraconych lub zaburzonych w nast\u0119pstwie zmian chorobowych lub pourazowych.<\/p>\n<p style=\"text-align: justify;\"><span style=\"color: #ff0000;\"><strong>Metody PST nie nale\u017cy uto\u017csamia\u0107 z innymi stosowanymi wsp\u00f3\u0142cze\u015bnie metodami leczenia polem magnetycznym! <\/strong><\/span><\/p>\n<p style=\"text-align: justify;\">Jedyn\u0105 ich wsp\u00f3ln\u0105 cech\u0105 jest wykorzystywanie pola elektromagnetycznego, a zw\u0142aszcza jego znamiennej zdolno\u015bci przenikania w ca\u0142o\u015bci przez cia\u0142o cz\u0142owieka jako no\u015bnika emitowanego sygna\u0142u, przy czym sygna\u0142y te s\u0105 zasadniczo r\u00f3\u017cne.<\/p>\n<p style=\"text-align: justify;\">W przypadku PST sygna\u0142em tym jest impuls pr\u0105du sta\u0142ego, emitowany ze zmienn\u0105 cz\u0119stotliwo\u015bci\u0105 oraz intensywno\u015bci\u0105. Intensywno\u015b\u0107 impuls\u00f3w plasuje si\u0119 w zakresie mi\u0119dzy 0,5 i 1,5 miliTesla, natomiast cz\u0119stotliwo\u015b\u0107 impuls\u00f3w znajduje si\u0119 w zakresie 10 i 30 Hz. Tak wi\u0119c sygna\u0142y charakteryzuje niska cz\u0119stotliwo\u015b\u0107 oraz niedu\u017ce nat\u0119\u017cenie energii.<\/p>\n<p style=\"text-align: justify;\"><strong><span style=\"color: #ff0000;\">Najcz\u0119stsze wskazania lecznicze<\/span><\/strong><\/p>\n<p style=\"text-align: justify;\"><strong>Schorzenia zwyrodnieniowe <\/strong><\/p>\n<p style=\"text-align: justify;\">\u2022 artroza du\u017cych staw\u00f3w (np. artroza stawu kolanowego \/gonartroza) i ma\u0142ych staw\u00f3w (np. artroza staw\u00f3w kr\u0119gos\u0142upa \/ spondyloartroza),<br \/>\n\u2022 tendopatie \/ entezopatie (dolegliwo\u015bci b\u00f3lowe \u015bci\u0119gien, przyczep\u00f3w \u015bci\u0119gnistych np. epicondylitis lateralis humeri \/ zapalenie nadk\u0142ykcia bocznego \/ \u0142okie\u0107 tenisisty),<br \/>\n\u2022 dyskopatie (schorzenia kr\u0105\u017cka mi\u0119dzykr\u0119gowego, np. przepuklina kr\u0105\u017cka w odcinku l\u0119d\u017awiowym),<br \/>\n\u2022 lumbalgie<br \/>\n\u2022 chondromalacje<\/p>\n<p style=\"text-align: justify;\"><strong>Uszkodzenia narz\u0105d\u00f3w ruchu w nast\u0119pstwie przebytych uraz\u00f3w<br \/>\n(w tym sportowych)<\/strong><br \/>\n\u2022 uszkodzenia wi\u0119zade\u0142,<br \/>\n\u2022 uszkodzenia staw\u00f3w &#8211; skokowego, kolanowego, barku<br \/>\n\u2022 uszkodzenia \u0142\u0105kotek stawowych (np. stawu kolanowego),<br \/>\n\u2022 urazy chrz\u0119stno &#8211; kostne,<br \/>\n\u2022 z\u0142amania,<br \/>\n\u2022 zaburzenia gojenia z\u0142ama\u0144<br \/>\n\u2022 pseudoartroza (staw rzekomy),<\/p>\n<p style=\"text-align: justify;\"><strong>Rehabilitacja pooperacyjna<\/strong><\/p>\n<p style=\"text-align: justify;\">PST pozytywnie wp\u0142ywa na przebieg leczenia oraz znacznie skraca okres rekonwalescencji.<\/p>\n<p style=\"text-align: justify;\">Artropatie na pod\u0142o\u017cu zapalnym (PST nie leczy choroby podstawowej. Wskazaniem s\u0105 b\u00f3l i ograniczenia ruchowe w schorzeniach staw\u00f3w o pod\u0142o\u017cu reumatoidalnym (zesztywniaj\u0105ce zapalenia staw\u00f3w kr\u0119gos\u0142upa, przewlek\u0142e zapalenia wielostawowe) i metabolicznym (dna moczanowa).<br \/>\nDeformacje aparatu ruchowego (dot. b\u00f3l i ograniczenia funkcjonalne) kr\u0119gos\u0142upa (np. skoliozy r\u00f3\u017cnej etiologii), st\u00f3p (np. paluch ko\u015blawy, stopa p\u0142aska, stopa szpotawa). Chondromatoza b\u0142ony maziowej.<br \/>\nOsteochondrozy \u2013 ja\u0142owe martwice ko\u015bci.<br \/>\nChoroba Perthesa (martwica m\u0142odzie\u0144cza g\u0142owy ko\u015bci udowej), oddzielaj\u0105ca martwica chrz\u0119stno \u2013 kostna.<br \/>\nWt\u00f3rne artrozy.<\/p>\n<p style=\"text-align: justify;\"><strong><span style=\"color: #ff0000;\">Przeciwwskazania<\/span><\/strong><\/p>\n<p style=\"text-align: justify;\">\u2022 W przypadku ci\u0105\u017cy nie nale\u017cy stosowa\u0107 terapii na okolic\u0119 kr\u0119gos\u0142upa oraz jamy brzusznej<br \/>\n\u2022 W przypadku choroby nowotworowej terapi\u0119 mo\u017cna zastosowa\u0107 po up\u0142ywie 5 lat od momentu wyleczenia (indywidualne decyzje podejmuje lekarz)<br \/>\n\u2022 Pacjenci z bakteryjnym zapaleniem staw\u00f3w s\u0105 wy\u0142\u0105czeni z terapii PST do czasu wyleczenia.<br \/>\n<strong>Obecno\u015b\u0107 w tkankach endoprotez, \u015brub i p\u0142yt do osteosyntezy nie jest przeciwwskazaniem dla terapii PST!<\/strong><br \/>\nWi\u0119cej informacji na : <a href=\"http:\/\/www.pst-polska.pl\/\" target=\"_blank\" rel=\"noopener\">www.pst-polska.pl<\/a><\/p>\n","protected":false},"excerpt":{"rendered":"<p>Terapia Sygna\u0142em Pulsacyjnym \u2013 PST Czym jest PST PST jest now\u0105 w Polsce metod\u0105 leczenia schorze\u0144, uraz\u00f3w oraz przeci\u0105\u017ce\u0144 narz\u0105d\u00f3w uk\u0142adu ruchu. Jest ona efektem ponad 30-letniej pracy badawczej dr Richarda Markolla, ameryka\u0144skiego lekarza i biofizyka, realizowanej we wsp\u00f3\u0142pracy z uniwersytetem w Yale (USA). Na podstawie licznych bada\u0144 klinicznych wykonanych w wielu o\u015brodkach naukowych na [&hellip;]<\/p>\n","protected":false},"author":1,"featured_media":0,"parent":18,"menu_order":0,"comment_status":"closed","ping_status":"closed","template":"","meta":{"footnotes":""},"_links":{"self":[{"href":"http:\/\/alekbiel.eu\/wp\/index.php?rest_route=\/wp\/v2\/pages\/76"}],"collection":[{"href":"http:\/\/alekbiel.eu\/wp\/index.php?rest_route=\/wp\/v2\/pages"}],"about":[{"href":"http:\/\/alekbiel.eu\/wp\/index.php?rest_route=\/wp\/v2\/types\/page"}],"author":[{"embeddable":true,"href":"http:\/\/alekbiel.eu\/wp\/index.php?rest_route=\/wp\/v2\/users\/1"}],"replies":[{"embeddable":true,"href":"http:\/\/alekbiel.eu\/wp\/index.php?rest_route=%2Fwp%2Fv2%2Fcomments&post=76"}],"version-history":[{"count":3,"href":"http:\/\/alekbiel.eu\/wp\/index.php?rest_route=\/wp\/v2\/pages\/76\/revisions"}],"predecessor-version":[{"id":197,"href":"http:\/\/alekbiel.eu\/wp\/index.php?rest_route=\/wp\/v2\/pages\/76\/revisions\/197"}],"up":[{"embeddable":true,"href":"http:\/\/alekbiel.eu\/wp\/index.php?rest_route=\/wp\/v2\/pages\/18"}],"wp:attachment":[{"href":"http:\/\/alekbiel.eu\/wp\/index.php?rest_route=%2Fwp%2Fv2%2Fmedia&parent=76"}],"curies":[{"name":"wp","href":"https:\/\/api.w.org\/{rel}","templated":true}]}}