{"id":7,"date":"2018-10-11T08:32:29","date_gmt":"2018-10-11T08:32:29","guid":{"rendered":"http:\/\/alekbiel.eu\/wp\/?page_id=7"},"modified":"2018-10-22T09:24:12","modified_gmt":"2018-10-22T09:24:12","slug":"dr-aleksander-bielecki-dyplomowany-osteopata-fizjoterapeuta","status":"publish","type":"page","link":"http:\/\/alekbiel.eu\/wp\/","title":{"rendered":"DR ALEKSANDER BIELECKI DYPLOMOWANY OSTEOPATA, FIZJOTERAPEUTA"},"content":{"rendered":"<p style=\"text-align: justify;\">Dyplomowany osteopata, fizjoterapeuta, doktor nauk kultury fizycznej, absolwent Wydzia\u0142u Fizjoterapii Akademii Wychowania Fizycznego w Katowicach, oraz 4 letnich Podyplomowych Studi\u00f3w Medycznych w najstarszej, elitarnej szkole Osteopatii w Europie &#8211; ESO (European School of Osteopathy) Boxley, Anglia gdzie uzyska\u0142 tytu\u0142 D.O. (Diploma of Osteopathy).<\/p>\n<p style=\"text-align: justify;\">Fizjoterapeuta Reprezentacji Polski w Pi\u0142ce Siatkowej M\u0119\u017cczyzn i Kobiet w latach: 2008 do 2012, uczestnik kadry Polski na Igrzyska Olimpijskie Pekin 2008, Londyn 2012 oraz fizjoterapeuta w Pi\u0142ce R\u0119cznej na Igrzyska Olimpijskie Rio 2016.<\/p>\n<p style=\"text-align: justify;\">W 2010 roku nominowany do I Mi\u0119dzynarodowej Nagrody Naukowej \u015awiatowej Federacji Pi\u0142ki Siatkowej (FIVB).<\/p>\n<p style=\"text-align: justify;\">Przed rozpocz\u0119ciem wsp\u00f3\u0142pracy z Polskim Zwi\u0105zkiem Pi\u0142ki Siatkowej wpracowa\u0142 przez 3 lata z Polsk\u0105 Kadr\u0105 Olimpijsk\u0105 w Lekkiej Atletyce, wcze\u015bniej by\u0142 terapeut\u0105 w Polskim Zwi\u0105zku Karate oraz pracowa\u0142 jako wolontariusz na obozach Aktywnej Rehabilitacji. Jako nastoletni ch\u0142opiec przez 7 lat uprawia\u0142 je\u017adziectwo, a nast\u0119pnie przez 20 lat karate Kyokushin.<\/p>\n<p style=\"text-align: justify;\">Praca naukowa, studia doktoranckie, uko\u0144czone podyplomowe studia z zakresu osteopatii, pedagogiki, wychowania fizycznego oraz psychologii sportu, liczne kursy z zakresu Medycyny Manualnej, a tak\u017ce do\u015bwiadczenie, kt\u00f3re zdoby\u0142 jako zawodnik i reprezentant Polski w Karate Kyokushin oraz instruktor sportu, a przede wszystkim codzienna praca z sportowcami, jak i prowadzenie w\u0142asnej praktyki pozwoli\u0142y mu na zdobycie szerokiej wiedzy w dziedzinie profilaktyki i leczenia uraz\u00f3w, a nast\u0119pnie ustawiczne jej pog\u0142\u0119bianie.<\/p>\n","protected":false},"excerpt":{"rendered":"<p>Dyplomowany osteopata, fizjoterapeuta, doktor nauk kultury fizycznej, absolwent Wydzia\u0142u Fizjoterapii Akademii Wychowania Fizycznego w Katowicach, oraz 4 letnich Podyplomowych Studi\u00f3w Medycznych w najstarszej, elitarnej szkole Osteopatii w Europie &#8211; ESO (European School of Osteopathy) Boxley, Anglia gdzie uzyska\u0142 tytu\u0142 D.O. (Diploma of Osteopathy). Fizjoterapeuta Reprezentacji Polski w Pi\u0142ce Siatkowej M\u0119\u017cczyzn i Kobiet w latach: 2008 [&hellip;]<\/p>\n","protected":false},"author":1,"featured_media":0,"parent":0,"menu_order":0,"comment_status":"closed","ping_status":"closed","template":"","meta":{"footnotes":""},"_links":{"self":[{"href":"http:\/\/alekbiel.eu\/wp\/index.php?rest_route=\/wp\/v2\/pages\/7"}],"collection":[{"href":"http:\/\/alekbiel.eu\/wp\/index.php?rest_route=\/wp\/v2\/pages"}],"about":[{"href":"http:\/\/alekbiel.eu\/wp\/index.php?rest_route=\/wp\/v2\/types\/page"}],"author":[{"embeddable":true,"href":"http:\/\/alekbiel.eu\/wp\/index.php?rest_route=\/wp\/v2\/users\/1"}],"replies":[{"embeddable":true,"href":"http:\/\/alekbiel.eu\/wp\/index.php?rest_route=%2Fwp%2Fv2%2Fcomments&post=7"}],"version-history":[{"count":2,"href":"http:\/\/alekbiel.eu\/wp\/index.php?rest_route=\/wp\/v2\/pages\/7\/revisions"}],"predecessor-version":[{"id":61,"href":"http:\/\/alekbiel.eu\/wp\/index.php?rest_route=\/wp\/v2\/pages\/7\/revisions\/61"}],"wp:attachment":[{"href":"http:\/\/alekbiel.eu\/wp\/index.php?rest_route=%2Fwp%2Fv2%2Fmedia&parent=7"}],"curies":[{"name":"wp","href":"https:\/\/api.w.org\/{rel}","templated":true}]}}