{"id":217,"date":"2023-10-21T18:23:56","date_gmt":"2023-10-21T18:23:56","guid":{"rendered":"https:\/\/alekbiel.eu\/wp\/?page_id=217"},"modified":"2023-10-21T18:26:43","modified_gmt":"2023-10-21T18:26:43","slug":"akupunktura","status":"publish","type":"page","link":"http:\/\/alekbiel.eu\/wp\/?page_id=217","title":{"rendered":"AKUPUNKTURA"},"content":{"rendered":"<div dir=\"auto\">\n<div dir=\"auto\">Medycyna chi\u0144ska (<a href=\"https:\/\/czubek-igly.pl\/medycyna-chinska\" target=\"_blank\" rel=\"noopener\">https:\/\/czubek-igly.pl\/medycyna-chinska<\/a>\/) odnosi si\u0119 do nier\u00f3wnowagi w organizmie pacjenta, na kt\u00f3r\u0105 sk\u0142ada si\u0119 wiele objaw\u00f3w oraz podkre\u015bla prawid\u0142owy styl \u017cycia i opiera si\u0119 na podstawie empirycznej \u2013 na do\u015bwiadczeniu licz\u0105cym tysi\u0105ce lat.<\/div>\n<div dir=\"auto\">Akupunktura (<a href=\"https:\/\/czubek-igly.pl\/akupunktura-2\/\" target=\"_blank\" rel=\"noopener\">https:\/\/czubek-igly.pl\/akupunktura-2\/<\/a>), akupresura to \u2013 korzystanie z igie\u0142 i ucisku w poszczeg\u00f3lne strefy na ciele pacjenta w celu stymulowania punkt\u00f3w biologicznie czynnych.<\/div>\n<\/div>\n","protected":false},"excerpt":{"rendered":"<p>Medycyna chi\u0144ska (https:\/\/czubek-igly.pl\/medycyna-chinska\/) odnosi si\u0119 do nier\u00f3wnowagi w organizmie pacjenta, na kt\u00f3r\u0105 sk\u0142ada si\u0119 wiele objaw\u00f3w oraz podkre\u015bla prawid\u0142owy styl \u017cycia i opiera si\u0119 na podstawie empirycznej \u2013 na do\u015bwiadczeniu licz\u0105cym tysi\u0105ce lat. Akupunktura (https:\/\/czubek-igly.pl\/akupunktura-2\/), akupresura to \u2013 korzystanie z igie\u0142 i ucisku w poszczeg\u00f3lne strefy na ciele pacjenta w celu stymulowania punkt\u00f3w biologicznie czynnych.<\/p>\n","protected":false},"author":1,"featured_media":0,"parent":18,"menu_order":0,"comment_status":"closed","ping_status":"closed","template":"","meta":{"footnotes":""},"_links":{"self":[{"href":"http:\/\/alekbiel.eu\/wp\/index.php?rest_route=\/wp\/v2\/pages\/217"}],"collection":[{"href":"http:\/\/alekbiel.eu\/wp\/index.php?rest_route=\/wp\/v2\/pages"}],"about":[{"href":"http:\/\/alekbiel.eu\/wp\/index.php?rest_route=\/wp\/v2\/types\/page"}],"author":[{"embeddable":true,"href":"http:\/\/alekbiel.eu\/wp\/index.php?rest_route=\/wp\/v2\/users\/1"}],"replies":[{"embeddable":true,"href":"http:\/\/alekbiel.eu\/wp\/index.php?rest_route=%2Fwp%2Fv2%2Fcomments&post=217"}],"version-history":[{"count":2,"href":"http:\/\/alekbiel.eu\/wp\/index.php?rest_route=\/wp\/v2\/pages\/217\/revisions"}],"predecessor-version":[{"id":223,"href":"http:\/\/alekbiel.eu\/wp\/index.php?rest_route=\/wp\/v2\/pages\/217\/revisions\/223"}],"up":[{"embeddable":true,"href":"http:\/\/alekbiel.eu\/wp\/index.php?rest_route=\/wp\/v2\/pages\/18"}],"wp:attachment":[{"href":"http:\/\/alekbiel.eu\/wp\/index.php?rest_route=%2Fwp%2Fv2%2Fmedia&parent=217"}],"curies":[{"name":"wp","href":"https:\/\/api.w.org\/{rel}","templated":true}]}}