{"id":211,"date":"2023-10-21T18:19:27","date_gmt":"2023-10-21T18:19:27","guid":{"rendered":"https:\/\/alekbiel.eu\/wp\/?page_id=211"},"modified":"2023-10-21T18:19:27","modified_gmt":"2023-10-21T18:19:27","slug":"terapia-manualna","status":"publish","type":"page","link":"http:\/\/alekbiel.eu\/wp\/?page_id=211","title":{"rendered":"TERAPIA MANUALNA"},"content":{"rendered":"<div dir=\"auto\">\n<div dir=\"auto\">Wspomaga leczenie schorze\u0144 narz\u0105d\u00f3w ruchu, w szczeg\u00f3lno\u015bci przy chorobach kr\u0119gos\u0142upa, urazach narz\u0105du ruchu, zwyrodnieniach staw\u00f3w, b\u00f3lach g\u0142owy, migrenach w terapiach blizn pooperacyjnych.<\/div>\n<\/div>\n","protected":false},"excerpt":{"rendered":"<p>Wspomaga leczenie schorze\u0144 narz\u0105d\u00f3w ruchu, w szczeg\u00f3lno\u015bci przy chorobach kr\u0119gos\u0142upa, urazach narz\u0105du ruchu, zwyrodnieniach staw\u00f3w, b\u00f3lach g\u0142owy, migrenach w terapiach blizn pooperacyjnych.<\/p>\n","protected":false},"author":1,"featured_media":0,"parent":18,"menu_order":0,"comment_status":"closed","ping_status":"closed","template":"","meta":{"footnotes":""},"_links":{"self":[{"href":"http:\/\/alekbiel.eu\/wp\/index.php?rest_route=\/wp\/v2\/pages\/211"}],"collection":[{"href":"http:\/\/alekbiel.eu\/wp\/index.php?rest_route=\/wp\/v2\/pages"}],"about":[{"href":"http:\/\/alekbiel.eu\/wp\/index.php?rest_route=\/wp\/v2\/types\/page"}],"author":[{"embeddable":true,"href":"http:\/\/alekbiel.eu\/wp\/index.php?rest_route=\/wp\/v2\/users\/1"}],"replies":[{"embeddable":true,"href":"http:\/\/alekbiel.eu\/wp\/index.php?rest_route=%2Fwp%2Fv2%2Fcomments&post=211"}],"version-history":[{"count":1,"href":"http:\/\/alekbiel.eu\/wp\/index.php?rest_route=\/wp\/v2\/pages\/211\/revisions"}],"predecessor-version":[{"id":212,"href":"http:\/\/alekbiel.eu\/wp\/index.php?rest_route=\/wp\/v2\/pages\/211\/revisions\/212"}],"up":[{"embeddable":true,"href":"http:\/\/alekbiel.eu\/wp\/index.php?rest_route=\/wp\/v2\/pages\/18"}],"wp:attachment":[{"href":"http:\/\/alekbiel.eu\/wp\/index.php?rest_route=%2Fwp%2Fv2%2Fmedia&parent=211"}],"curies":[{"name":"wp","href":"https:\/\/api.w.org\/{rel}","templated":true}]}}