{"id":205,"date":"2023-10-21T18:13:06","date_gmt":"2023-10-21T18:13:06","guid":{"rendered":"https:\/\/alekbiel.eu\/wp\/?page_id=205"},"modified":"2023-10-21T18:13:07","modified_gmt":"2023-10-21T18:13:07","slug":"osteopatia-pediatryczna","status":"publish","type":"page","link":"http:\/\/alekbiel.eu\/wp\/?page_id=205","title":{"rendered":"OSTEOPATIA PEDIATRYCZNA"},"content":{"rendered":"<div dir=\"auto\">\n<div dir=\"auto\">Jak wiadomo, osteopatia zajmuje si\u0119 ca\u0142o\u015bciowym spojrzeniem na ludzki organizm, w tym tak\u017ce organizm ma\u0142ego dziecka. Osteopatia pediatryczna i diagnostyka niemowl\u0105t opiera si\u0119 w g\u0142\u00f3wnej mierze na ocenie odruch\u00f3w fizjologicznych oraz ruchomo\u015bci spontanicznej.<\/div>\n<div dir=\"auto\"><\/div>\n<div dir=\"auto\">Terapia noworodk\u00f3w i niemowlak\u00f3w, mo\u017ce by\u0107 pomocna w przypadkach:<\/div>\n<div dir=\"auto\">kolki, nawracaj\u0105ce infekcje ucha \u015brodkowego, refluks, problemy z wypr\u00f3\u017cnianiem, kr\u0119cz szyi, zaburzenia snu, pr\u0119\u017cenie si\u0119 i napinanie cia\u0142a, brak odruchu ssania i trudno\u015bci z karmieniem, wzmo\u017cony niepok\u00f3j, cz\u0119sty p\u0142acz, asymetryczne u\u0142o\u017cenie cia\u0142a lub g\u0142owy, zaburzenia kszta\u0142tu g\u0142owy (Plagiocefalia) urazy oko\u0142oporodowe.<\/div>\n<\/div>\n","protected":false},"excerpt":{"rendered":"<p>Jak wiadomo, osteopatia zajmuje si\u0119 ca\u0142o\u015bciowym spojrzeniem na ludzki organizm, w tym tak\u017ce organizm ma\u0142ego dziecka. Osteopatia pediatryczna i diagnostyka niemowl\u0105t opiera si\u0119 w g\u0142\u00f3wnej mierze na ocenie odruch\u00f3w fizjologicznych oraz ruchomo\u015bci spontanicznej. Terapia noworodk\u00f3w i niemowlak\u00f3w, mo\u017ce by\u0107 pomocna w przypadkach: kolki, nawracaj\u0105ce infekcje ucha \u015brodkowego, refluks, problemy z wypr\u00f3\u017cnianiem, kr\u0119cz szyi, zaburzenia snu, [&hellip;]<\/p>\n","protected":false},"author":1,"featured_media":0,"parent":18,"menu_order":0,"comment_status":"closed","ping_status":"closed","template":"","meta":{"footnotes":""},"_links":{"self":[{"href":"http:\/\/alekbiel.eu\/wp\/index.php?rest_route=\/wp\/v2\/pages\/205"}],"collection":[{"href":"http:\/\/alekbiel.eu\/wp\/index.php?rest_route=\/wp\/v2\/pages"}],"about":[{"href":"http:\/\/alekbiel.eu\/wp\/index.php?rest_route=\/wp\/v2\/types\/page"}],"author":[{"embeddable":true,"href":"http:\/\/alekbiel.eu\/wp\/index.php?rest_route=\/wp\/v2\/users\/1"}],"replies":[{"embeddable":true,"href":"http:\/\/alekbiel.eu\/wp\/index.php?rest_route=%2Fwp%2Fv2%2Fcomments&post=205"}],"version-history":[{"count":1,"href":"http:\/\/alekbiel.eu\/wp\/index.php?rest_route=\/wp\/v2\/pages\/205\/revisions"}],"predecessor-version":[{"id":206,"href":"http:\/\/alekbiel.eu\/wp\/index.php?rest_route=\/wp\/v2\/pages\/205\/revisions\/206"}],"up":[{"embeddable":true,"href":"http:\/\/alekbiel.eu\/wp\/index.php?rest_route=\/wp\/v2\/pages\/18"}],"wp:attachment":[{"href":"http:\/\/alekbiel.eu\/wp\/index.php?rest_route=%2Fwp%2Fv2%2Fmedia&parent=205"}],"curies":[{"name":"wp","href":"https:\/\/api.w.org\/{rel}","templated":true}]}}