{"id":20,"date":"2018-10-11T08:43:21","date_gmt":"2018-10-11T08:43:21","guid":{"rendered":"http:\/\/alekbiel.eu\/wp\/?page_id=20"},"modified":"2018-10-22T08:51:50","modified_gmt":"2018-10-22T08:51:50","slug":"prasa","status":"publish","type":"page","link":"http:\/\/alekbiel.eu\/wp\/?page_id=20","title":{"rendered":"PRASA"},"content":{"rendered":"<p><strong>INFORMACJE W PRASIE:<\/strong><\/p>\n<p>Zawodnicy to dla mnie pacjenci<br \/>\n<a href=\"https:\/\/siatka.org\/pokaz\/2011-12-09-aleksander-bielecki-zawodnicy-to-dla-mnie-pacjenci\/\" target=\"_blank\" rel=\"noopener\"><span style=\"color: #000000;\">(wi\u0119cej \u2026)<\/span><\/a><\/p>\n<p>Wyjazd na igrzyska by\u0142 moim marzeniem<br \/>\n<a href=\"https:\/\/siatka.org\/pokaz\/2008-08-29-aleksander-bielecki-wyjazd-na-igrzyska-byl-moim-marzeniem\/\" target=\"_blank\" rel=\"noopener\"><span style=\"color: #000000;\">(wi\u0119cej \u2026)<\/span><\/a><\/p>\n<p>Fizjoterapeuta Atomu, kt\u00f3ry potrafi czyni\u0107 cuda<br \/>\n<a title=\"Fizjoterapeuta Atomu, kt\u00f3ry potrafi czyni\u0107 cuda\" href=\"http:\/\/www.trojmiasto.sport.pl\/sport-trojmiasto\/1,111910,9057765,Fizjoterapeuta_Atomu__ktory_potrafi_czynic_cuda.html\" target=\"_blank\" rel=\"noopener\"><span style=\"color: #000000;\">(wi\u0119cej \u2026)<\/span><\/a><\/p>\n<p>Polacy w p\u00f3\u0142finale Ligi \u015awiatowej<\/p>\n","protected":false},"excerpt":{"rendered":"<p>INFORMACJE W PRASIE: Zawodnicy to dla mnie pacjenci (wi\u0119cej \u2026) Wyjazd na igrzyska by\u0142 moim marzeniem (wi\u0119cej \u2026) Fizjoterapeuta Atomu, kt\u00f3ry potrafi czyni\u0107 cuda (wi\u0119cej \u2026) Polacy w p\u00f3\u0142finale Ligi \u015awiatowej<\/p>\n","protected":false},"author":1,"featured_media":0,"parent":0,"menu_order":0,"comment_status":"closed","ping_status":"closed","template":"","meta":{"footnotes":""},"_links":{"self":[{"href":"http:\/\/alekbiel.eu\/wp\/index.php?rest_route=\/wp\/v2\/pages\/20"}],"collection":[{"href":"http:\/\/alekbiel.eu\/wp\/index.php?rest_route=\/wp\/v2\/pages"}],"about":[{"href":"http:\/\/alekbiel.eu\/wp\/index.php?rest_route=\/wp\/v2\/types\/page"}],"author":[{"embeddable":true,"href":"http:\/\/alekbiel.eu\/wp\/index.php?rest_route=\/wp\/v2\/users\/1"}],"replies":[{"embeddable":true,"href":"http:\/\/alekbiel.eu\/wp\/index.php?rest_route=%2Fwp%2Fv2%2Fcomments&post=20"}],"version-history":[{"count":5,"href":"http:\/\/alekbiel.eu\/wp\/index.php?rest_route=\/wp\/v2\/pages\/20\/revisions"}],"predecessor-version":[{"id":100,"href":"http:\/\/alekbiel.eu\/wp\/index.php?rest_route=\/wp\/v2\/pages\/20\/revisions\/100"}],"wp:attachment":[{"href":"http:\/\/alekbiel.eu\/wp\/index.php?rest_route=%2Fwp%2Fv2%2Fmedia&parent=20"}],"curies":[{"name":"wp","href":"https:\/\/api.w.org\/{rel}","templated":true}]}}