{"id":198,"date":"2023-10-21T18:07:29","date_gmt":"2023-10-21T18:07:29","guid":{"rendered":"https:\/\/alekbiel.eu\/wp\/?page_id=198"},"modified":"2023-10-21T18:07:59","modified_gmt":"2023-10-21T18:07:59","slug":"fala-uderzeniowa-2","status":"publish","type":"page","link":"http:\/\/alekbiel.eu\/wp\/?page_id=198","title":{"rendered":"OSTEOPATIA"},"content":{"rendered":"<div dir=\"auto\">Osteopatia (z \u0142ac. os-ko\u015b\u0107, patia-patologia, problem) jest medyczn\u0105, niekonwencjonaln\u0105 metod\u0105 diagnozowania i leczenia dysfunkcji uk\u0142adu ruchu i schorze\u0144 metod\u0105 manualn\u0105, kt\u00f3ra prowadzi do przywr\u00f3cenia r\u00f3wnowagi homeostatycznej i funkcjonalnej organizmu.<\/div>\n<div dir=\"auto\">Filozofia osteopatii traktuje pacjenta ca\u0142o\u015bciowo i uznaje zale\u017cno\u015b\u0107 pomi\u0119dzy jego cia\u0142em, psychik\u0105 i umys\u0142em, zar\u00f3wno w zdrowiu jak i w chorobie. Zak\u0142ada r\u00f3wnie\u017c, \u017ce organizm ludzki posiada naturalne zdolno\u015bci do samoregeneracji, wi\u0119c stymuluje procesy naprawcze organizmu.<\/div>\n","protected":false},"excerpt":{"rendered":"<p>Osteopatia (z \u0142ac. os-ko\u015b\u0107, patia-patologia, problem) jest medyczn\u0105, niekonwencjonaln\u0105 metod\u0105 diagnozowania i leczenia dysfunkcji uk\u0142adu ruchu i schorze\u0144 metod\u0105 manualn\u0105, kt\u00f3ra prowadzi do przywr\u00f3cenia r\u00f3wnowagi homeostatycznej i funkcjonalnej organizmu. Filozofia osteopatii traktuje pacjenta ca\u0142o\u015bciowo i uznaje zale\u017cno\u015b\u0107 pomi\u0119dzy jego cia\u0142em, psychik\u0105 i umys\u0142em, zar\u00f3wno w zdrowiu jak i w chorobie. Zak\u0142ada r\u00f3wnie\u017c, \u017ce organizm ludzki [&hellip;]<\/p>\n","protected":false},"author":1,"featured_media":0,"parent":18,"menu_order":0,"comment_status":"closed","ping_status":"closed","template":"","meta":{"footnotes":""},"_links":{"self":[{"href":"http:\/\/alekbiel.eu\/wp\/index.php?rest_route=\/wp\/v2\/pages\/198"}],"collection":[{"href":"http:\/\/alekbiel.eu\/wp\/index.php?rest_route=\/wp\/v2\/pages"}],"about":[{"href":"http:\/\/alekbiel.eu\/wp\/index.php?rest_route=\/wp\/v2\/types\/page"}],"author":[{"embeddable":true,"href":"http:\/\/alekbiel.eu\/wp\/index.php?rest_route=\/wp\/v2\/users\/1"}],"replies":[{"embeddable":true,"href":"http:\/\/alekbiel.eu\/wp\/index.php?rest_route=%2Fwp%2Fv2%2Fcomments&post=198"}],"version-history":[{"count":2,"href":"http:\/\/alekbiel.eu\/wp\/index.php?rest_route=\/wp\/v2\/pages\/198\/revisions"}],"predecessor-version":[{"id":200,"href":"http:\/\/alekbiel.eu\/wp\/index.php?rest_route=\/wp\/v2\/pages\/198\/revisions\/200"}],"up":[{"embeddable":true,"href":"http:\/\/alekbiel.eu\/wp\/index.php?rest_route=\/wp\/v2\/pages\/18"}],"wp:attachment":[{"href":"http:\/\/alekbiel.eu\/wp\/index.php?rest_route=%2Fwp%2Fv2%2Fmedia&parent=198"}],"curies":[{"name":"wp","href":"https:\/\/api.w.org\/{rel}","templated":true}]}}