{"id":18,"date":"2018-10-11T08:42:50","date_gmt":"2018-10-11T08:42:50","guid":{"rendered":"http:\/\/alekbiel.eu\/wp\/?page_id=18"},"modified":"2023-10-21T18:26:01","modified_gmt":"2023-10-21T18:26:01","slug":"terapia","status":"publish","type":"page","link":"http:\/\/alekbiel.eu\/wp\/?page_id=18","title":{"rendered":"Oferta"},"content":{"rendered":"<h3 style=\"text-align: justify;\">FALA UDERZENIOWA<\/h3>\n<p style=\"text-align: justify;\"><strong>Terapia Fal\u0105 Uderzeniow\u0105<\/strong><br \/>\nTerapia Fal\u0105 Uderzeniow\u0105 (Shock Med) jest nowoczesn\u0105, wysoce efektywn\u0105 metod\u0105 leczenia wykorzystuj\u0105c\u0105 lecznicze cechy fali akustycznej o specyficznych w\u0142a\u015bciwo\u015bciach, tj. wysokim, skokowym ci\u015bnieniu uwalnianym w bardzo kr\u00f3tkim czasie.<br \/>\n<a href=\"http:\/\/alekbiel.eu\/wp\/?page_id=78\">(zobacz wi\u0119cej)<\/a><\/p>\n<h3 style=\"text-align: justify;\">PST<\/h3>\n<p style=\"text-align: justify;\"><strong>Terapia Sygna\u0142em Pulsacyjnym \u2013 PST<br \/>\n<\/strong>Czym jest PST<br \/>\nPST jest now\u0105 w Polsce metod\u0105 leczenia schorze\u0144, uraz\u00f3w oraz przeci\u0105\u017ce\u0144 narz\u0105d\u00f3w uk\u0142adu ruchu. Jest ona efektem ponad 30-letniej pracy badawczej dr Richarda Markolla, ameryka\u0144skiego lekarza i biofizyka, realizowanej we wsp\u00f3\u0142pracy z uniwersytetem w Yale (USA). Na podstawie licznych bada\u0144 klinicznych wykonanych w wielu o\u015brodkach naukowych na ca\u0142ym \u015bwiecie potwierdzono bardzo wysok\u0105, si\u0119gaj\u0105c\u0105 75-80 procent skuteczno\u015b\u0107 tego leczenia.<br \/>\n<a href=\"http:\/\/alekbiel.eu\/wp\/?page_id=76\">(zobacz wi\u0119cej)<\/a><\/p>\n<h3 style=\"text-align: justify;\">OSTEOPATIA<\/h3>\n<p>Osteopatia (z \u0142ac. os-ko\u015b\u0107, patia-patologia, problem) jest medyczn\u0105, niekonwencjonaln\u0105 metod\u0105 diagnozowania i leczenia dysfunkcji uk\u0142adu ruchu i schorze\u0144 metod\u0105 manualn\u0105, kt\u00f3ra prowadzi do przywr\u00f3cenia r\u00f3wnowagi homeostatycznej i funkcjonalnej organizmu.<br \/>\n<a href=\"http:\/\/alekbiel.eu\/wp\/?page_id=198\">(zobacz wi\u0119cej)<\/a><\/p>\n<h3 style=\"text-align: justify;\">OSTEOPATIA PEDIATRYCZNA<\/h3>\n<p>Jak wiadomo, osteopatia zajmuje si\u0119 ca\u0142o\u015bciowym spojrzeniem na ludzki organizm, w tym tak\u017ce organizm ma\u0142ego dziecka. Osteopatia pediatryczna i diagnostyka niemowl\u0105t opiera si\u0119 w g\u0142\u00f3wnej mierze na ocenie odruch\u00f3w fizjologicznych oraz ruchomo\u015bci spontanicznej.<br \/>\n<a href=\"http:\/\/alekbiel.eu\/wp\/?page_id=205\">(zobacz wi\u0119cej)<\/a><\/p>\n<h3 style=\"text-align: justify;\">TERAPIA CZASZKOWO- KRZY\u017bOWA<\/h3>\n<p>Terapia czaszkowo \u2013 krzy\u017cowa jest form\u0105 leczenia charakterystyczn\u0105 dla dziedziny osteopatii. Znajduje swoje zastosowanie w wielu przypadkach chorobowych \u2013 tak\u017ce w leczeniu najm\u0142odszych \u2013 dzieci i niemowl\u0105t. Terapia czaszkowa jest jedn\u0105 z najbardziej delikatnych form terapii osteopatycznej. Podczas zabiegu, terapeuta aplikuje niewielk\u0105 si\u0142\u0119 przy pomocy swoich d\u0142oni \u2013 uk\u0142adaj\u0105c je na czaszce lub ko\u015bci krzy\u017cowej. Istnieje kilka teorii na temat dzia\u0142ania terapii czaszkowej. U jej podstaw le\u017cy najcz\u0119\u015bciej regulacja przep\u0142ywu p\u0142ynu m\u00f3zgowo \u2013 rdzeniowego oraz praca z dysfunkcjami szw\u00f3w czaszkowych.<br \/>\n<a href=\"http:\/\/alekbiel.eu\/wp\/?page_id=208\">(zobacz wi\u0119cej)<\/a><\/p>\n<h3 style=\"text-align: justify;\">TERAPIA MANUALNA<\/h3>\n<p>Wspomaga leczenie schorze\u0144 narz\u0105d\u00f3w ruchu, w szczeg\u00f3lno\u015bci przy chorobach kr\u0119gos\u0142upa, urazach narz\u0105du ruchu, zwyrodnieniach staw\u00f3w, b\u00f3lach g\u0142owy, migrenach w terapiach blizn pooperacyjnych.<br \/>\n<a href=\"http:\/\/alekbiel.eu\/wp\/?page_id=211\">(zobacz wi\u0119cej)<\/a><\/p>\n<h3 style=\"text-align: justify;\">FIZJOTERAPIA<\/h3>\n<p>Zabiegi z zakresu fizykoterapii (Indyba, Tecar, Salus Talent, Fala Uderzeniowa, elektroterapia), Masa\u017c og\u00f3lny, relaksacyjny, masa\u017c klasyczny, masa\u017ce wyspecjalizowane, sportowy, manualny drena\u017c limfatyczny.<br \/>\n<a href=\"http:\/\/alekbiel.eu\/wp\/?page_id=214\">(zobacz wi\u0119cej)<\/a><\/p>\n<h3 style=\"text-align: justify;\">AKUPUNKTURA<\/h3>\n<p>Medycyna chi\u0144ska (<a href=\"https:\/\/czubek-igly.pl\/medycyna-chinska\/\" target=\"_blank\" rel=\"noopener\">https:\/\/czubek-igly.pl\/medycyna-chinska\/<\/a>) odnosi si\u0119 do nier\u00f3wnowagi w organizmie pacjenta, na kt\u00f3r\u0105 sk\u0142ada si\u0119 wiele objaw\u00f3w oraz podkre\u015bla prawid\u0142owy styl \u017cycia i opiera si\u0119 na podstawie empirycznej \u2013 na do\u015bwiadczeniu licz\u0105cym tysi\u0105ce lat.<br \/>\n<a href=\"http:\/\/alekbiel.eu\/wp\/?page_id=217\">(zobacz wi\u0119cej)<\/a><\/p>\n","protected":false},"excerpt":{"rendered":"<p>FALA UDERZENIOWA Terapia Fal\u0105 Uderzeniow\u0105 Terapia Fal\u0105 Uderzeniow\u0105 (Shock Med) jest nowoczesn\u0105, wysoce efektywn\u0105 metod\u0105 leczenia wykorzystuj\u0105c\u0105 lecznicze cechy fali akustycznej o specyficznych w\u0142a\u015bciwo\u015bciach, tj. wysokim, skokowym ci\u015bnieniu uwalnianym w bardzo kr\u00f3tkim czasie. (zobacz wi\u0119cej) PST Terapia Sygna\u0142em Pulsacyjnym \u2013 PST Czym jest PST PST jest now\u0105 w Polsce metod\u0105 leczenia schorze\u0144, uraz\u00f3w oraz przeci\u0105\u017ce\u0144 [&hellip;]<\/p>\n","protected":false},"author":1,"featured_media":0,"parent":0,"menu_order":0,"comment_status":"closed","ping_status":"closed","template":"","meta":{"footnotes":""},"_links":{"self":[{"href":"http:\/\/alekbiel.eu\/wp\/index.php?rest_route=\/wp\/v2\/pages\/18"}],"collection":[{"href":"http:\/\/alekbiel.eu\/wp\/index.php?rest_route=\/wp\/v2\/pages"}],"about":[{"href":"http:\/\/alekbiel.eu\/wp\/index.php?rest_route=\/wp\/v2\/types\/page"}],"author":[{"embeddable":true,"href":"http:\/\/alekbiel.eu\/wp\/index.php?rest_route=\/wp\/v2\/users\/1"}],"replies":[{"embeddable":true,"href":"http:\/\/alekbiel.eu\/wp\/index.php?rest_route=%2Fwp%2Fv2%2Fcomments&post=18"}],"version-history":[{"count":19,"href":"http:\/\/alekbiel.eu\/wp\/index.php?rest_route=\/wp\/v2\/pages\/18\/revisions"}],"predecessor-version":[{"id":222,"href":"http:\/\/alekbiel.eu\/wp\/index.php?rest_route=\/wp\/v2\/pages\/18\/revisions\/222"}],"wp:attachment":[{"href":"http:\/\/alekbiel.eu\/wp\/index.php?rest_route=%2Fwp%2Fv2%2Fmedia&parent=18"}],"curies":[{"name":"wp","href":"https:\/\/api.w.org\/{rel}","templated":true}]}}